{"id":40,"date":"2017-08-04T11:59:16","date_gmt":"2017-08-04T14:59:16","guid":{"rendered":"http:\/\/www.cadplus.com.br\/cms\/?page_id=40"},"modified":"2025-05-06T10:08:19","modified_gmt":"2025-05-06T13:08:19","slug":"fale-conosco","status":"publish","type":"page","link":"https:\/\/www.cadplus.com.br\/cms\/fale-conosco\/","title":{"rendered":"fale conosco"},"content":{"rendered":"<h2 style=\"text-align: center;\">Gostou do conte\u00fado ? Quer mais informa\u00e7\u00f5es ?<\/h2>\n<h3 style=\"text-align: center;\">Muito legal, estamos aqui para auxiliar voce!<\/h3>\n<p style=\"text-align: center;\">Mande seu email para <a href=\"mailto:contato@cadplus.com.br\" target=\"_blank\" rel=\"noopener\">contato@cadplus.com.br<\/a><\/p>\n<h3 style=\"text-align: center;\">Teremos imenso prazer em atend\u00ea-lo!<\/h3>\n","protected":false},"excerpt":{"rendered":"<p>Gostou do conte\u00fado ? Quer mais informa\u00e7\u00f5es ? Muito legal, estamos aqui para auxiliar voce! Mande seu email para contato@cadplus.com.br Teremos imenso prazer em atend\u00ea-lo!<\/p>\n","protected":false},"author":1,"featured_media":0,"parent":0,"menu_order":0,"comment_status":"closed","ping_status":"closed","template":"","meta":{"footnotes":""},"class_list":["post-40","page","type-page","status-publish","hentry"],"_links":{"self":[{"href":"https:\/\/www.cadplus.com.br\/cms\/wp-json\/wp\/v2\/pages\/40","targetHints":{"allow":["GET"]}}],"collection":[{"href":"https:\/\/www.cadplus.com.br\/cms\/wp-json\/wp\/v2\/pages"}],"about":[{"href":"https:\/\/www.cadplus.com.br\/cms\/wp-json\/wp\/v2\/types\/page"}],"author":[{"embeddable":true,"href":"https:\/\/www.cadplus.com.br\/cms\/wp-json\/wp\/v2\/users\/1"}],"replies":[{"embeddable":true,"href":"https:\/\/www.cadplus.com.br\/cms\/wp-json\/wp\/v2\/comments?post=40"}],"version-history":[{"count":6,"href":"https:\/\/www.cadplus.com.br\/cms\/wp-json\/wp\/v2\/pages\/40\/revisions"}],"predecessor-version":[{"id":103,"href":"https:\/\/www.cadplus.com.br\/cms\/wp-json\/wp\/v2\/pages\/40\/revisions\/103"}],"wp:attachment":[{"href":"https:\/\/www.cadplus.com.br\/cms\/wp-json\/wp\/v2\/media?parent=40"}],"curies":[{"name":"wp","href":"https:\/\/api.w.org\/{rel}","templated":true}]}}