{"id":2,"date":"2017-08-04T09:36:24","date_gmt":"2017-08-04T12:36:24","guid":{"rendered":"http:\/\/www.cadplus.com.br\/cms\/?page_id=2"},"modified":"2025-05-06T10:09:44","modified_gmt":"2025-05-06T13:09:44","slug":"pagina-exemplo","status":"publish","type":"page","link":"https:\/\/www.cadplus.com.br\/cms\/pagina-exemplo\/","title":{"rendered":"quem somos"},"content":{"rendered":"<p><span class=\"textstyle1\">A\u00a0<\/span><span class=\"textstyle2\">CAD<\/span><span class=\"textstyle3\">Plus<\/span><span class=\"textstyle1\"> \u00e9 uma Tecnologia 100% nacional &#8211; sendo a Prestadora de Servi\u00e7os de Marketing Oficial do <a href=\"https:\/\/www.natus.org.br\/instituto\/quem-somos\/\" target=\"_blank\" rel=\"noopener\">Instituto Natus &#8211; Institui\u00e7\u00e3o sem fins lucrativos que desenvolve diversos projetos sociais<\/a>.<\/span><\/p>\n<p>Atualmente, realizamos servi\u00e7os internet:<\/p>\n<p><span class=\"textstyle2\">&#8211; Desenvolvimento de WEB Sites &#8211; Plataforma WordPress;<br \/>\n&#8211; Marketing Digital, posicionamento em mecanismos de busca &#8211; Google;<br \/>\n&#8211; Servi\u00e7os de C.R.M.- Bancos de Dados, ferramentas CRM e Capacita\u00e7\u00e3o;<\/span><\/p>\n<p><span class=\"textstyle1\">Contando com profissionais Graduados e P\u00f3s-Graduados, o Instituto Natus<\/span><span class=\"textstyle1\">\u00a0vem oferecer o seu produto \u00fanico:\u00a0<\/span><span class=\"textstyle2\">Qualidade!<\/span><\/p>\n","protected":false},"excerpt":{"rendered":"<p>A\u00a0CADPlus \u00e9 uma Tecnologia 100% nacional &#8211; sendo a Prestadora de Servi\u00e7os de Marketing Oficial do Instituto Natus &#8211; Institui\u00e7\u00e3o sem fins lucrativos que desenvolve diversos projetos sociais. Atualmente, realizamos servi\u00e7os internet: &#8211; Desenvolvimento de WEB Sites &#8211; Plataforma WordPress; &#8211; Marketing Digital, posicionamento em mecanismos de busca &#8211; Google; &#8211; Servi\u00e7os de C.R.M.- Bancos [&hellip;]<\/p>\n","protected":false},"author":1,"featured_media":0,"parent":0,"menu_order":0,"comment_status":"closed","ping_status":"open","template":"","meta":{"footnotes":""},"class_list":["post-2","page","type-page","status-publish","hentry"],"_links":{"self":[{"href":"https:\/\/www.cadplus.com.br\/cms\/wp-json\/wp\/v2\/pages\/2","targetHints":{"allow":["GET"]}}],"collection":[{"href":"https:\/\/www.cadplus.com.br\/cms\/wp-json\/wp\/v2\/pages"}],"about":[{"href":"https:\/\/www.cadplus.com.br\/cms\/wp-json\/wp\/v2\/types\/page"}],"author":[{"embeddable":true,"href":"https:\/\/www.cadplus.com.br\/cms\/wp-json\/wp\/v2\/users\/1"}],"replies":[{"embeddable":true,"href":"https:\/\/www.cadplus.com.br\/cms\/wp-json\/wp\/v2\/comments?post=2"}],"version-history":[{"count":5,"href":"https:\/\/www.cadplus.com.br\/cms\/wp-json\/wp\/v2\/pages\/2\/revisions"}],"predecessor-version":[{"id":104,"href":"https:\/\/www.cadplus.com.br\/cms\/wp-json\/wp\/v2\/pages\/2\/revisions\/104"}],"wp:attachment":[{"href":"https:\/\/www.cadplus.com.br\/cms\/wp-json\/wp\/v2\/media?parent=2"}],"curies":[{"name":"wp","href":"https:\/\/api.w.org\/{rel}","templated":true}]}}